{"id":139,"date":"2023-07-28T15:29:04","date_gmt":"2023-07-28T13:29:04","guid":{"rendered":"https:\/\/oktawa.pikpodlaskie.pl\/edycje\/2023\/?page_id=139"},"modified":"2023-07-30T22:35:10","modified_gmt":"2023-07-30T20:35:10","slug":"zdjecia","status":"publish","type":"page","link":"https:\/\/oktawa.pikpodlaskie.pl\/edycje\/2023\/zdjecia\/","title":{"rendered":"Zdj\u0119cia"},"content":{"rendered":"<h3>POKta\u0144c\u00f3wka na M\u0142ynowej, 27.07.2023<\/h3>\n<figure id=\"attachment_140\" aria-describedby=\"caption-attachment-140\" style=\"width: 720px\" class=\"wp-caption alignnone\"><a href=\"https:\/\/photos.app.goo.gl\/WUr5T22YBcHao5TaA\" target=\"_blank\" rel=\"noopener\"><img loading=\"lazy\" decoding=\"async\" class=\"wp-image-140 size-medium\" src=\"https:\/\/oktawa.pikpodlaskie.pl\/edycje\/2023\/wp-content\/uploads\/sites\/2\/2023\/07\/poktancowka-galeria-720x528.jpg\" alt=\"\" width=\"720\" height=\"528\" srcset=\"https:\/\/oktawa.pikpodlaskie.pl\/edycje\/2023\/wp-content\/uploads\/sites\/2\/2023\/07\/poktancowka-galeria-720x528.jpg 720w, https:\/\/oktawa.pikpodlaskie.pl\/edycje\/2023\/wp-content\/uploads\/sites\/2\/2023\/07\/poktancowka-galeria-768x563.jpg 768w, https:\/\/oktawa.pikpodlaskie.pl\/edycje\/2023\/wp-content\/uploads\/sites\/2\/2023\/07\/poktancowka-galeria.jpg 1303w\" sizes=\"auto, (max-width: 720px) 100vw, 720px\" \/><\/a><figcaption id=\"caption-attachment-140\" class=\"wp-caption-text\">fot. P. Do\u0142\u017cy\u0144ski \/ PIK w Bia\u0142ymstoku<\/figcaption><\/figure>\n<h3>\u00a0<\/h3>\n<h3>Koncert na Rynku Ko\u015bciuszki w Bia\u0142ymstoku, pi\u0105tek \u2013 28.07.2023<\/h3>\n<figure id=\"attachment_163\" aria-describedby=\"caption-attachment-163\" style=\"width: 720px\" class=\"wp-caption alignnone\"><a href=\"https:\/\/photos.app.goo.gl\/JqcqwrNdqq7731rc9\" target=\"_blank\" rel=\"noopener\"><img loading=\"lazy\" decoding=\"async\" class=\"wp-image-163 size-medium\" src=\"https:\/\/oktawa.pikpodlaskie.pl\/edycje\/2023\/wp-content\/uploads\/sites\/2\/2023\/07\/pok-2023-galeria-e1690576552507-720x477.jpg\" alt=\"\" width=\"720\" height=\"477\" srcset=\"https:\/\/oktawa.pikpodlaskie.pl\/edycje\/2023\/wp-content\/uploads\/sites\/2\/2023\/07\/pok-2023-galeria-e1690576552507-720x477.jpg 720w, https:\/\/oktawa.pikpodlaskie.pl\/edycje\/2023\/wp-content\/uploads\/sites\/2\/2023\/07\/pok-2023-galeria-e1690576552507.jpg 723w\" sizes=\"auto, (max-width: 720px) 100vw, 720px\" \/><\/a><figcaption id=\"caption-attachment-163\" class=\"wp-caption-text\">fot. P. Do\u0142\u017cy\u0144ski, M. Adamski \/ PIK w Bia\u0142ymstoku<\/figcaption><\/figure>\n<h3>\u00a0<\/h3>\n<h3>Koncert na Rynku Ko\u015bciuszki w Bia\u0142ymstoku, sobota \u2013 29.07.2023<\/h3>\n<figure id=\"attachment_168\" aria-describedby=\"caption-attachment-168\" style=\"width: 720px\" class=\"wp-caption alignnone\"><a href=\"https:\/\/photos.app.goo.gl\/TRdtP9E9ZXKKojeE9\" target=\"_blank\" rel=\"noopener\"><img loading=\"lazy\" decoding=\"async\" class=\"wp-image-168 size-medium\" src=\"https:\/\/oktawa.pikpodlaskie.pl\/edycje\/2023\/wp-content\/uploads\/sites\/2\/2023\/07\/pok-2023-galeria-2-720x524.jpg\" alt=\"\" width=\"720\" height=\"524\" srcset=\"https:\/\/oktawa.pikpodlaskie.pl\/edycje\/2023\/wp-content\/uploads\/sites\/2\/2023\/07\/pok-2023-galeria-2-720x524.jpg 720w, https:\/\/oktawa.pikpodlaskie.pl\/edycje\/2023\/wp-content\/uploads\/sites\/2\/2023\/07\/pok-2023-galeria-2.jpg 724w\" sizes=\"auto, (max-width: 720px) 100vw, 720px\" \/><\/a><figcaption id=\"caption-attachment-168\" class=\"wp-caption-text\">fot. P. Do\u0142\u017cy\u0144ski, M. Adamski \/ PIK w Bia\u0142ymstoku<\/figcaption><\/figure>\n<p>&nbsp;<\/p>\n<h3>Koncert na Rynku Ko\u015bciuszki w Bia\u0142ymstoku, niedziela \u2013 30.07.2023<\/h3>\n<figure id=\"attachment_175\" aria-describedby=\"caption-attachment-175\" style=\"width: 720px\" class=\"wp-caption alignnone\"><a href=\"https:\/\/photos.app.goo.gl\/BcbGPAA6MXSEGhhp7\" target=\"_blank\" rel=\"noopener\"><img loading=\"lazy\" decoding=\"async\" class=\"wp-image-175 size-medium\" src=\"https:\/\/oktawa.pikpodlaskie.pl\/edycje\/2023\/wp-content\/uploads\/sites\/2\/2023\/07\/pok-2023-galeria-www-720x488.jpg\" alt=\"\" width=\"720\" height=\"488\" srcset=\"https:\/\/oktawa.pikpodlaskie.pl\/edycje\/2023\/wp-content\/uploads\/sites\/2\/2023\/07\/pok-2023-galeria-www-720x488.jpg 720w, https:\/\/oktawa.pikpodlaskie.pl\/edycje\/2023\/wp-content\/uploads\/sites\/2\/2023\/07\/pok-2023-galeria-www.jpg 724w\" sizes=\"auto, (max-width: 720px) 100vw, 720px\" \/><\/a><figcaption id=\"caption-attachment-175\" class=\"wp-caption-text\">fot. P. Do\u0142\u017cy\u0144ski, M. Adamski \/ PIK w Bia\u0142ymstoku<\/figcaption><\/figure>\n","protected":false},"excerpt":{"rendered":"<p>POKta\u0144c\u00f3wka na M\u0142ynowej, 27.07.2023 \u00a0 Koncert na Rynku Ko\u015bciuszki w Bia\u0142ymstoku, pi\u0105tek \u2013 28.07.2023 \u00a0 Koncert na Rynku Ko\u015bciuszki w Bia\u0142ymstoku, sobota \u2013 29.07.2023 &nbsp; Koncert na Rynku Ko\u015bciuszki w [&hellip;]<\/p>\n","protected":false},"author":1,"featured_media":0,"parent":0,"menu_order":0,"comment_status":"closed","ping_status":"closed","template":"","meta":{"footnotes":""},"class_list":["post-139","page","type-page","status-publish","hentry"],"_links":{"self":[{"href":"https:\/\/oktawa.pikpodlaskie.pl\/edycje\/2023\/wp-json\/wp\/v2\/pages\/139","targetHints":{"allow":["GET"]}}],"collection":[{"href":"https:\/\/oktawa.pikpodlaskie.pl\/edycje\/2023\/wp-json\/wp\/v2\/pages"}],"about":[{"href":"https:\/\/oktawa.pikpodlaskie.pl\/edycje\/2023\/wp-json\/wp\/v2\/types\/page"}],"author":[{"embeddable":true,"href":"https:\/\/oktawa.pikpodlaskie.pl\/edycje\/2023\/wp-json\/wp\/v2\/users\/1"}],"replies":[{"embeddable":true,"href":"https:\/\/oktawa.pikpodlaskie.pl\/edycje\/2023\/wp-json\/wp\/v2\/comments?post=139"}],"version-history":[{"count":7,"href":"https:\/\/oktawa.pikpodlaskie.pl\/edycje\/2023\/wp-json\/wp\/v2\/pages\/139\/revisions"}],"predecessor-version":[{"id":176,"href":"https:\/\/oktawa.pikpodlaskie.pl\/edycje\/2023\/wp-json\/wp\/v2\/pages\/139\/revisions\/176"}],"wp:attachment":[{"href":"https:\/\/oktawa.pikpodlaskie.pl\/edycje\/2023\/wp-json\/wp\/v2\/media?parent=139"}],"curies":[{"name":"wp","href":"https:\/\/api.w.org\/{rel}","templated":true}]}}