{"id":20,"date":"2024-06-11T11:30:28","date_gmt":"2024-06-11T09:30:28","guid":{"rendered":"https:\/\/oktawa.pikpodlaskie.pl\/edycje\/2024\/?page_id=20"},"modified":"2024-06-13T11:22:26","modified_gmt":"2024-06-13T09:22:26","slug":"deklaracja-dostepnosci","status":"publish","type":"page","link":"https:\/\/oktawa.pikpodlaskie.pl\/edycje\/2024\/deklaracja-dostepnosci\/","title":{"rendered":"Deklaracja dost\u0119pno\u015bci"},"content":{"rendered":"<h1>Deklaracja Dost\u0119pno\u015bci dla strony internetowej www.oktawa.pikpodlaskie.pl<\/h1>\n<p id=\"a11y-wstep\"><span id=\"a11y-podmiot\">Podlaski Instytut Kultury w Bia\u0142ymstoku<\/span> zobowi\u0105zuje si\u0119 zapewni\u0107 dost\u0119pno\u015b\u0107 swojej strony internetowej zgodnie z przepisami ustawy z dnia 4 kwietnia 2019 r. o dost\u0119pno\u015bci cyfrowej stron internetowych i aplikacji mobilnych podmiot\u00f3w publicznych. O\u015bwiadczenie w sprawie dost\u0119pno\u015bci ma zastosowanie do <a id=\"a11y-url\" href=\"http:\/\/www.pikpodlaskie.pl\" target=\"_blank\" rel=\"noopener\">strony internetowej festiwalu Podlaska Oktawa Kultur<\/a>.<\/p>\n<ul>\n<li>Data publikacji strony internetowej: <span id=\"a11y-data-publikacja\">2020-05-03<\/span>.<\/li>\n<li>Data ostatniej istotnej aktualizacji: <span id=\"a11y-data-aktualizacja\">2024-03-25<\/span>.<\/li>\n<\/ul>\n<section>\n<h2>Status zgodno\u015bci z ustaw\u0105<\/h2>\n<p id=\"a11y-status\"><strong>Strona internetowa jest cz\u0119\u015bciowo zgodna<\/strong> z ustaw\u0105 z dnia 4 kwietnia 2019 r. o dost\u0119pno\u015bci cyfrowej stron internetowych i aplikacji mobilnych podmiot\u00f3w publicznych z powodu niezgodno\u015bci lub wy\u0142\u0105cze\u0144 wymienionych poni\u017cej.<\/p>\n<h3>Niespe\u0142nione wymagania<\/h3>\n<ul>\n<li>Filmy nie posiadaj\u0105 napis\u00f3w dla os\u00f3b g\u0142uchych.<\/li>\n<li>Nie wszystkie tre\u015bci nietekstowe posiadaj\u0105 swoj\u0105 tekstow\u0105 alternatyw\u0119.<\/li>\n<li>Materia\u0142y multimedialne nie posiadaj\u0105 audiodeskrypcji.<\/li>\n<\/ul>\n<h3>Powody braku spe\u0142niania wymaga\u0144<\/h3>\n<ul>\n<li>Filmy zosta\u0142y opublikowane przed wej\u015bciem w \u017cycie ustawy o dost\u0119pno\u015bci cyfrowej.<\/li>\n<\/ul>\n<\/section>\n<section>\n<h2>Przygotowanie deklaracji dost\u0119pno\u015bci<\/h2>\n<p>O\u015bwiadczenie sporz\u0105dzono dnia: <span id=\"a11y-data-sporzadzenie\">2024-03-25<\/span>.<\/p>\n<p>Deklaracj\u0119 sporz\u0105dzono na podstawie samooceny przeprowadzonej przez podmiot publiczny.<\/p>\n<p>Data ostatniego przegl\u0105du deklaracji: <span id=\"a11y-data-przeglad\">2024-03-25<\/span>.<\/p>\n<\/section>\n<section>\n<h2>Skr\u00f3ty klawiaturowe<\/h2>\n<ul>\n<li>Na stronie internetowej mo\u017cna u\u017cywa\u0107 standardowych skr\u00f3t\u00f3w klawiaturowych przegl\u0105darki.<\/li>\n<\/ul>\n<\/section>\n<section>\n<h2 id=\"a11y-kontakt\">Informacje zwrotne i dane kontaktowe<\/h2>\n<p>W przypadku problem\u00f3w z dost\u0119pno\u015bci\u0105 strony internetowej prosimy o kontakt. Osob\u0105 kontaktow\u0105 jest <span id=\"a11y-osoba\">Marcin Adamski<\/span>, <a title=\"Adres e-mail do osoby kontaktowej w sprawie dost\u0119pno\u015bci.\" href=\"mailto:dostepnosc@pikpodlaskie.pl\"> <span id=\"a11y-email\">dostepnosc@pikpodlaskie.pl<\/span> <\/a>. Kontaktowa\u0107 mo\u017cna si\u0119 tak\u017ce dzwoni\u0105c na numer telefonu <a href=\"tel:85 740-37-22\"> <span id=\"a11y-telefon\">85 740-37-22<\/span> <\/a>. T\u0105 sam\u0105 drog\u0105 mo\u017cna sk\u0142ada\u0107 wnioski o udost\u0119pnienie informacji niedost\u0119pnej oraz sk\u0142ada\u0107 skargi na brak zapewnienia dost\u0119pno\u015bci.<\/p>\n<section>\n<h3>Obs\u0142uga wniosk\u00f3w i skarg zwi\u0105zanych z dost\u0119pno\u015bci\u0105<\/h3>\n<p id=\"a11y-procedura\">Ka\u017cdy ma prawo do wyst\u0105pienia z \u017c\u0105daniem zapewnienia dost\u0119pno\u015bci cyfrowej strony internetowej, aplikacji mobilnej lub jakiego\u015b ich elementu. Mo\u017cna tak\u017ce za\u017c\u0105da\u0107 udost\u0119pnienia informacji za pomoc\u0105 alternatywnego sposobu dost\u0119pu, na przyk\u0142ad przez odczytanie niedost\u0119pnego cyfrowo dokumentu, opisanie zawarto\u015bci filmu bez audiodeskrypcji itp. \u017b\u0105danie powinno zawiera\u0107 dane osoby zg\u0142aszaj\u0105cej \u017c\u0105danie, wskazanie, o kt\u00f3r\u0105 stron\u0119 internetow\u0105 lub aplikacj\u0119 mobiln\u0105 chodzi oraz spos\u00f3b kontaktu. Je\u017celi osoba \u017c\u0105daj\u0105ca zg\u0142asza potrzeb\u0119 otrzymania informacji za pomoc\u0105 alternatywnego sposobu dost\u0119pu, powinna tak\u017ce okre\u015bli\u0107 dogodny dla niej spos\u00f3b przedstawienia tej informacji. Podmiot publiczny powinien zrealizowa\u0107 \u017c\u0105danie niezw\u0142ocznie, nie p\u00f3\u017aniej ni\u017c w ci\u0105gu 7 dni od dnia wyst\u0105pienia z \u017c\u0105daniem. Je\u017celi dotrzymanie tego terminu nie jest mo\u017cliwe, podmiot publiczny niezw\u0142ocznie informuje o tym wnosz\u0105cego \u017c\u0105danie, kiedy realizacja \u017c\u0105dania b\u0119dzie mo\u017cliwa, przy czym termin ten nie mo\u017ce by\u0107 d\u0142u\u017cszy ni\u017c 2 miesi\u0105ce od dnia wyst\u0105pienia z \u017c\u0105daniem. Je\u017celi zapewnienie dost\u0119pno\u015bci cyfrowej nie jest mo\u017cliwe, podmiot publiczny mo\u017ce zaproponowa\u0107 alternatywny spos\u00f3b dost\u0119pu do informacji. W przypadku, gdy podmiot publiczny odm\u00f3wi realizacji \u017c\u0105dania zapewnienia dost\u0119pno\u015bci lub alternatywnego sposobu dost\u0119pu do informacji, wnosz\u0105cy \u017c\u0105danie mo\u017cne z\u0142o\u017cy\u0107 skarg\u0119 w sprawie zapewniana dost\u0119pno\u015bci cyfrowej strony internetowej, aplikacji mobilnej lub elementu strony internetowej, lub aplikacji mobilnej. Po wyczerpaniu wskazanej wy\u017cej procedury mo\u017cna tak\u017ce z\u0142o\u017cy\u0107 wniosek do Rzecznika Praw Obywatelskich.<\/p>\n<p><a href=\"https:\/\/www.rpo.gov.pl\/content\/jak-zglosic-sie-do-rzecznika-praw-obywatelskich\" target=\"_blank\" rel=\"noopener\">Strona internetowa Rzecznika Praw Obywatelskich<\/a><\/p>\n<\/section>\n<\/section>\n<section>\n<h2 id=\"a11y-architektura\">Dost\u0119pno\u015b\u0107 architektoniczna<\/h2>\n<div>\n<h3>Budynek: siedziba g\u0142\u00f3wna Podlaskiego Instytutu Kultury w Bia\u0142ymstoku<\/h3>\n<address class=\"mb-0\">\n<div>ul. Jana Kili\u0144skiego 8<\/div>\n<div>15-089 Bia\u0142ystok<\/div>\n<\/address>\n<\/div>\n<p>Obszar w otoczeniu budynku jak i sam obiekt jest dostosowany do potrzeb os\u00f3b z niepe\u0142nosprawno\u015bci\u0105 ruchow\u0105. Nawierzchnia przed wej\u015bciem g\u0142\u00f3wnym jest utwardzona i posiada odpowiednie nachylenie. Budynek posiada zadaszenie chroni\u0105ce przed opadami nad wej\u015bciem g\u0142\u00f3wnym i z ty\u0142u budynku. Przed wej\u015bciem g\u0142\u00f3wnym i do dw\u00f3ch oddzielnych pomieszcze\u0144 znajduj\u0105cych si\u0119 na paterze budynku (Pikoteka, Galeria PIK) znajduj\u0105 si\u0119 czytelne oznaczenia. <\/p>\n<p>Wej\u015bcie do budynku dla os\u00f3b z niepe\u0142nosprawno\u015bciami ruchowymi znajduje si\u0119 na parkingu wewn\u0119trznym. Z ty\u0142u budynku (wjazd od ul. Ko\u015bcielnej) znajduje si\u0119 winda, kt\u00f3ra jest przystosowana dla os\u00f3b z niepe\u0142nosprawno\u015bci\u0105 ruchow\u0105 poruszaj\u0105cych si\u0119 na w\u00f3zkach. Klawisze wyboru pi\u0119ter s\u0105 wypuk\u0142e i posiadaj\u0105 oznaczenia w alfabecie Braille&#8217;a. Winda obs\u0142uguje wszystkie kondygnacje budynku poza piwnic\u0105. Przy drzwiach prowadz\u0105cych do windy znajduje si\u0119 wideodomofon, \u0142\u0105cz\u0105cy z sekretariatem i poddaszem. <\/p>\n<p>Wej\u015bcie do Pikoteki i Galerii PIK od ul. Jana Kili\u0144skiego dostosowane jest do os\u00f3b z niepe\u0142nosprawno\u015bciami ruchowymi. Drzwi wej\u015bciowe maj\u0105 odpowiedni\u0105 szeroko\u015b\u0107 umo\u017cliwiaj\u0105c\u0105 wjazd do obiektu na w\u00f3zku inwalidzkim. Drzwi nie wymagaj\u0105 wi\u0119kszej si\u0142y do otwarcia. <\/p>\n<p>W Galerii PIK znajduje si\u0119 d\u017awig pionowy (platforma pionowa typu KALI B) z systemem odpowiednim dla os\u00f3b z ograniczon\u0105 zdolno\u015bci\u0105 ruchow\u0105. Panel kontrolny wyposa\u017cony jest w przycisk awaryjny, panel ze wskazaniami Braille&#8217;a i pod\u015bwietleniem. <\/p>\n<p>W budynku na klatkach schodowych zamontowano por\u0119cze schod\u00f3w, na ko\u0144cach kt\u00f3rych umieszczono oznaczenia dotykowe &#8211; informacje przedstawione w formie pisma wypuk\u0142ego. Informacja brajlowska jest kr\u00f3tka i zawiera podstawowe informacje o kierunku poruszania i punktach orientacji (numer kondygnacji). <\/p>\n<p>W budynku na ka\u017cdym pi\u0119trze znajduje si\u0119 oznaczona, oddzielna \u0142azienka z ubikacj\u0105 z udogodnieniami dla os\u00f3b z niepe\u0142nosprawno\u015bciami. <\/p>\n<p>Do budynku mo\u017cna wej\u015b\u0107 z psem asystuj\u0105cym i psem przewodnikiem.<\/p>\n<div>\n<h3>Budynek: Spodki<\/h3>\n<address class=\"mb-0\">\n<div>ul. \u015bw. Rocha 14<\/div>\n<div>15-879 Bia\u0142ystok<\/div>\n<\/address>\n<\/div>\n<p>Obecnie trwaj\u0105 roboty budowlane w ramach modernizacji czterech pawilon\u00f3w wystawienniczo-gastronomicznych. Planowany termin zako\u0144czenia prowadzonych prac budowlano-remontowych: II po\u0142owa 2025 r.<\/p>\n<\/section>\n<section>\n<h2 id=\"a11y-aplikacje\">Aplikacje mobilne<\/h2>\n<p>brak<\/p>\n<\/section>\n<section>\n<section>\n<h2>Dodatkowe informacje<\/h2>\n<div>Dok\u0142adamy wszelkich stara\u0144 aby nasza strona www.oktawa.pikpodlaskie.pl by\u0142a zgodna z ustaw\u0105 z dnia 4 kwietnia 2019 r. o dost\u0119pno\u015bci cyfrowej stron internetowych i aplikacji mobilnych podmiot\u00f3w publicznych. <\/p>\n<h2>Koordynator dost\u0119pno\u015bci<\/h2>\n<p>Anna Gryczkowska <br \/>a.gryczkowska@pikpodlaskie.pl <br \/>tel. 85 740-37-15<\/div>\n<\/section>\n<\/section>\n","protected":false},"excerpt":{"rendered":"<p>Deklaracja Dost\u0119pno\u015bci dla strony internetowej www.oktawa.pikpodlaskie.pl Podlaski Instytut Kultury w Bia\u0142ymstoku zobowi\u0105zuje si\u0119 zapewni\u0107 dost\u0119pno\u015b\u0107 swojej strony internetowej zgodnie z przepisami ustawy z dnia 4 kwietnia 2019 r. o dost\u0119pno\u015bci [&hellip;]<\/p>\n","protected":false},"author":1,"featured_media":0,"parent":0,"menu_order":0,"comment_status":"closed","ping_status":"closed","template":"","meta":{"footnotes":""},"class_list":["post-20","page","type-page","status-publish","hentry"],"_links":{"self":[{"href":"https:\/\/oktawa.pikpodlaskie.pl\/edycje\/2024\/wp-json\/wp\/v2\/pages\/20","targetHints":{"allow":["GET"]}}],"collection":[{"href":"https:\/\/oktawa.pikpodlaskie.pl\/edycje\/2024\/wp-json\/wp\/v2\/pages"}],"about":[{"href":"https:\/\/oktawa.pikpodlaskie.pl\/edycje\/2024\/wp-json\/wp\/v2\/types\/page"}],"author":[{"embeddable":true,"href":"https:\/\/oktawa.pikpodlaskie.pl\/edycje\/2024\/wp-json\/wp\/v2\/users\/1"}],"replies":[{"embeddable":true,"href":"https:\/\/oktawa.pikpodlaskie.pl\/edycje\/2024\/wp-json\/wp\/v2\/comments?post=20"}],"version-history":[{"count":2,"href":"https:\/\/oktawa.pikpodlaskie.pl\/edycje\/2024\/wp-json\/wp\/v2\/pages\/20\/revisions"}],"predecessor-version":[{"id":32,"href":"https:\/\/oktawa.pikpodlaskie.pl\/edycje\/2024\/wp-json\/wp\/v2\/pages\/20\/revisions\/32"}],"wp:attachment":[{"href":"https:\/\/oktawa.pikpodlaskie.pl\/edycje\/2024\/wp-json\/wp\/v2\/media?parent=20"}],"curies":[{"name":"wp","href":"https:\/\/api.w.org\/{rel}","templated":true}]}}