{"id":38,"date":"2025-06-30T22:03:47","date_gmt":"2025-06-30T20:03:47","guid":{"rendered":"https:\/\/oktawa.pikpodlaskie.pl\/edycje\/2025\/?page_id=38"},"modified":"2025-07-22T11:40:32","modified_gmt":"2025-07-22T09:40:32","slug":"o-festiwalu","status":"publish","type":"page","link":"https:\/\/oktawa.pikpodlaskie.pl\/edycje\/2025\/o-festiwalu\/","title":{"rendered":"O festiwalu"},"content":{"rendered":"<p>To ju\u017c\u00a0<strong>siedemnasta edycja<\/strong>\u00a0tego festiwalu, na kt\u00f3rym kr\u00f3luje muzyka inspirowana tradycj\u0105 i tradycja wyra\u017cana poprzez muzyk\u0119, taniec i \u015bpiew. Organizuje go Podlaski Instytut Kultury w Bia\u0142ymstoku. Podczas festiwalu wyst\u0105pi\u00a0<strong>18<\/strong>\u00a0znakomitych zespo\u0142\u00f3w z\u00a0<strong>8 kraj\u00f3w<\/strong>. Tegoroczna Podlaska Oktawa Kultur rozpocznie si\u0119\u00a0<strong>17 lipca i potrwa cztery dni, do 20 lipca.<\/strong> Pierwszego dnia festiwalu b\u0119dzie mo\u017cna wzi\u0105\u0107 udzia\u0142 w POKta\u0144c\u00f3wce, w przestrzeni M\u0142ynowa w Bia\u0142ymstoku. Zagraj\u0105 tam cztery zespo\u0142y: Radoska (Polska), Kapela Aleny Mialeshki, Zagreb Folk Dance Ensamble Dr Ivana Ivan\u010dana (Chorwacja) oraz Kapela Agopsowicza (Polska).<\/p>\n<p><strong>Kolejne dni to koncerty w sercu Bia\u0142egostoku, na Rynku Ko\u015bciuszki<\/strong>. Wyst\u0105pi\u0105 zespo\u0142y z\u00a0<strong>Polski, Ukrainy, Rumunii, Azerbejd\u017canu, Bia\u0142orusi, Estonii, Ghany, Chorwacji<\/strong>.\u00a0Dodatkow\u0105 atrakcj\u0105 tegorocznego festiwalu b\u0119dzie sobotnie afterparty na kt\u00f3rym wyst\u0105pi Maxim. Koncerty na bia\u0142ostockim Rynku Ko\u015bciuszki, podobnie jak w ubieg\u0142ych latach b\u0119d\u0105 transmitowane online.<\/p>\n<p>Zespo\u0142y kt\u00f3re pojawi\u0105 si\u0119 na scenie s\u0105 znakomite. Graj\u0105 r\u00f3\u017cn\u0105 muzyk\u0119, ale \u0142\u0105czy je jedno: wszystkie inspiruj\u0105 si\u0119 tradycj\u0105 i kultur\u0105 swoich ojczyzn, chc\u0105 to dziedzictwo pokazywa\u0107 i popularyzowa\u0107. Podlaska Oktawa Kultur jest do tego znakomit\u0105 przestrzeni\u0105.<\/p>\n<p>Na scenie wyst\u0105pi mi\u0119dzy innymi sze\u015bcioosobowy\u00a0<strong>zesp\u00f3\u0142 FRA! Z Ghany<\/strong>, kt\u00f3ry w niezwyk\u0142y spos\u00f3b \u0142\u0105czy d\u017awi\u0119ki Afryki z funkiem.\u00a0<strong>Grupa Curly Strings z Estonii<\/strong>\u00a0zagra muzyk\u0119 folkow\u0105 po\u0142\u0105czon\u0105 z popem i klasyk\u0105. Z kolei\u00a0<strong>Kroke<\/strong>\u00a0to jeden z najbardziej znanych zespo\u0142\u00f3w inspiruj\u0105cych si\u0119 tw\u00f3rczo\u015bci\u0105 klezmersk\u0105. Tradycyjne ju\u017c zaprezentuje si\u0119 dzia\u0142aj\u0105cy przy Podlaskim Instytucie Kultury\u00a0<strong>Zesp\u00f3\u0142 Pie\u015bni i Ta\u0144ca Kurpie Zielone<\/strong>\u00a0\u2013 folklorystyczna wizyt\u00f3wka naszego regionu.<\/p>\n<p>Ka\u017cdy z zespo\u0142\u00f3w, kt\u00f3re b\u0119dzie mo\u017cna zobaczy\u0107 na festiwalowej scenie jest wyj\u0105tkowy. Wyst\u0105pi\u0105 mi\u0119dzy innymi: Hora Florilor (Rumunia), Rankowa Rosa (Ukraina), Kapela Malisz\u00f3w (Polska), Wernyhora (Polska), Kapela PoPieronie (Polska), Vatan Mugham Group (Azerbejd\u017can), Zagreb Folk Dance Ensemble Dr Ivan Ivan\u010dan (Chorwacja) oraz Renata Przemyk feat. Dagadana. Wst\u0119p na wszystkie koncerty jest wolny.<\/p>\n<p>Podlaska Oktawa Kultur dotrze tak\u017ce do kilku miejscowo\u015bci w regionie. Zespo\u0142y dadz\u0105 tam \u0142\u0105cznie oko\u0142o 10 koncert\u00f3w, mi\u0119dzy innymi w \u0141apach, W\u0105soszu, Siemiatyczach, Sok\u00f3\u0142ce, Dubiczach Cerkiewnych i H\u0142adyszce.<\/p>\n<p><em>Tegoroczna edycja odbywa si\u0119 pod Honorowym Patronatem Marsza\u0142ka Wojew\u00f3dztwa Podlaskiego oraz Honorowym Patronatem Prezydenta Miasta Bia\u0142egostoku. Partnerami s\u0105 Lotto, Muzeum Podlaskie w Bia\u0142ymstoku oraz M\u0142ynowa. Patroni medialni to Polskie Radio Bia\u0142ystok, TVP3 Bia\u0142ystok oraz Bia\u0142ystok Online.<\/em><\/p>\n<p>&nbsp;<\/p>\n<table style=\"width: 100%; height: 591px;\">\n<tbody>\n<tr>\n<td>Patronat honorowy:<\/td>\n<td>\u00a0<\/td>\n<td>\u00a0<\/td>\n<\/tr>\n<tr>\n<td><img loading=\"lazy\" decoding=\"async\" class=\"aligncenter wp-image-30133\" src=\"https:\/\/pikpodlaskie.pl\/wp-content\/uploads\/2025\/07\/posel-na-sejm-krzysztof-truskolaski.jpg\" alt=\"\" width=\"122\" height=\"124\" \/><\/td>\n<td><a href=\"http:\/\/podlaskie.eu\/\"><img loading=\"lazy\" decoding=\"async\" class=\"alignnone  wp-image-194 aligncenter\" src=\"https:\/\/oktawa.pikpodlaskie.pl\/edycje\/2024\/wp-content\/uploads\/sites\/3\/2024\/06\/honorowy-patronat-marszalka-wojewodztwa-podlaskiego.jpg\" alt=\"\" width=\"108\" height=\"128\" \/><\/a><\/td>\n<td><a title=\"Otw\u00f3rz odno\u015bnik w nowej karcie\" href=\"https:\/\/www.bialystok.pl\/\" target=\"_blank\" rel=\"noopener\"><img loading=\"lazy\" decoding=\"async\" class=\"aligncenter wp-image-179\" src=\"https:\/\/oktawa.pikpodlaskie.pl\/edycje\/2024\/wp-content\/uploads\/sites\/3\/2024\/06\/honorowy-patronat-prezydenta-miasta-bialegostoku.jpg\" alt=\"\" width=\"80\" height=\"129\" \/><\/a><\/td>\n<\/tr>\n<tr>\n<td>Organizator:<\/td>\n<td>\u00a0<\/td>\n<td>\u00a0<\/td>\n<\/tr>\n<tr>\n<td><a href=\"http:\/\/pikpodlaskie.pl\/\"><img loading=\"lazy\" decoding=\"async\" class=\"wp-image-201 aligncenter\" src=\"https:\/\/oktawa.pikpodlaskie.pl\/edycje\/2024\/wp-content\/uploads\/sites\/3\/2024\/06\/podlaski-instytut-kultury.jpg\" alt=\"\" width=\"124\" height=\"44\" \/><\/a><\/td>\n<td><a title=\"Otw\u00f3rz odno\u015bnik w nowej karcie\" href=\"https:\/\/podlaskie.eu\/\" target=\"_blank\" rel=\"noopener\"><img loading=\"lazy\" decoding=\"async\" class=\"wp-image-178 aligncenter\" src=\"https:\/\/oktawa.pikpodlaskie.pl\/edycje\/2024\/wp-content\/uploads\/sites\/3\/2024\/06\/podlaskie.jpg\" alt=\"\" width=\"115\" height=\"68\" \/><\/a><\/td>\n<td>\u00a0<\/td>\n<\/tr>\n<tr>\n<td>Partner:<\/td>\n<td>\u00a0<\/td>\n<td>\u00a0<\/td>\n<\/tr>\n<tr>\n<td><a title=\"Otw\u00f3rz odno\u015bnik w nowej karcie\" href=\"https:\/\/www.lotto.pl\/\" target=\"_blank\" rel=\"noopener\"><img loading=\"lazy\" decoding=\"async\" class=\"alignnone wp-image-204 aligncenter\" src=\"https:\/\/oktawa.pikpodlaskie.pl\/edycje\/2024\/wp-content\/uploads\/sites\/3\/2024\/06\/logo-lotto-720x486.jpg\" alt=\"\" width=\"114\" height=\"77\" \/><\/a><\/td>\n<td style=\"text-align: center;\"><a title=\"Otw\u00f3rz odno\u015bnik w nowej karcie\" href=\"https:\/\/www.facebook.com\/mlynowabialystok\/\" target=\"_blank\" rel=\"noopener\"><img loading=\"lazy\" decoding=\"async\" class=\"wp-image-176 aligncenter\" src=\"https:\/\/oktawa.pikpodlaskie.pl\/edycje\/2024\/wp-content\/uploads\/sites\/3\/2024\/06\/mlynowa.jpg\" alt=\"\" width=\"81\" height=\"68\" \/><\/a><\/td>\n<td><a title=\"Otw\u00f3rz odno\u015bnik w nowej karcie\" href=\"http:\/\/muzeum.bialystok.pl\/\" target=\"_blank\" rel=\"noopener\"><img loading=\"lazy\" decoding=\"async\" class=\"wp-image-177 aligncenter\" src=\"https:\/\/oktawa.pikpodlaskie.pl\/edycje\/2024\/wp-content\/uploads\/sites\/3\/2024\/06\/muzeum-podlaskie.jpg\" alt=\"\" width=\"110\" height=\"61\" \/><\/a><\/td>\n<\/tr>\n<tr>\n<td>Patronat medialny:<\/td>\n<td>\u00a0<\/td>\n<td>\u00a0<\/td>\n<\/tr>\n<tr>\n<td><a title=\"Otw\u00f3rz odno\u015bnik w nowej karcie\" href=\"https:\/\/www.radio.bialystok.pl\/\" target=\"_blank\" rel=\"noopener\"><img loading=\"lazy\" decoding=\"async\" class=\"wp-image-175 aligncenter\" src=\"https:\/\/oktawa.pikpodlaskie.pl\/edycje\/2024\/wp-content\/uploads\/sites\/3\/2024\/06\/polskie-radio-bialystok.jpg\" alt=\"\" width=\"113\" height=\"59\" \/><\/a><\/td>\n<td><a title=\"Otw\u00f3rz odno\u015bnik w nowej karcie\" href=\"https:\/\/www.bialystokonline.pl\/\" target=\"_blank\" rel=\"noopener\"><img loading=\"lazy\" decoding=\"async\" class=\"wp-image-172 aligncenter\" src=\"https:\/\/oktawa.pikpodlaskie.pl\/edycje\/2024\/wp-content\/uploads\/sites\/3\/2024\/06\/bialystok-online.jpg\" alt=\"\" width=\"165\" height=\"41\" \/><\/a><\/td>\n<td><a title=\"Otw\u00f3rz odno\u015bnik w nowej karcie\" href=\"https:\/\/bialystok.tvp.pl\/\" target=\"_blank\" rel=\"noopener\"><img loading=\"lazy\" decoding=\"async\" class=\"wp-image-174 aligncenter\" src=\"https:\/\/oktawa.pikpodlaskie.pl\/edycje\/2024\/wp-content\/uploads\/sites\/3\/2024\/06\/tvp3-bialystok.jpg\" alt=\"\" width=\"102\" height=\"62\" \/><\/a><\/td>\n<\/tr>\n<\/tbody>\n<\/table>\n<p>&nbsp;<\/p>\n","protected":false},"excerpt":{"rendered":"<p>To ju\u017c\u00a0siedemnasta edycja\u00a0tego festiwalu, na kt\u00f3rym kr\u00f3luje muzyka inspirowana tradycj\u0105 i tradycja wyra\u017cana poprzez muzyk\u0119, taniec i \u015bpiew. Organizuje go Podlaski Instytut Kultury w Bia\u0142ymstoku. Podczas festiwalu wyst\u0105pi\u00a018\u00a0znakomitych zespo\u0142\u00f3w z\u00a08 [&hellip;]<\/p>\n","protected":false},"author":1,"featured_media":33,"parent":0,"menu_order":0,"comment_status":"closed","ping_status":"closed","template":"","meta":{"footnotes":""},"class_list":["post-38","page","type-page","status-publish","has-post-thumbnail","hentry"],"_links":{"self":[{"href":"https:\/\/oktawa.pikpodlaskie.pl\/edycje\/2025\/wp-json\/wp\/v2\/pages\/38","targetHints":{"allow":["GET"]}}],"collection":[{"href":"https:\/\/oktawa.pikpodlaskie.pl\/edycje\/2025\/wp-json\/wp\/v2\/pages"}],"about":[{"href":"https:\/\/oktawa.pikpodlaskie.pl\/edycje\/2025\/wp-json\/wp\/v2\/types\/page"}],"author":[{"embeddable":true,"href":"https:\/\/oktawa.pikpodlaskie.pl\/edycje\/2025\/wp-json\/wp\/v2\/users\/1"}],"replies":[{"embeddable":true,"href":"https:\/\/oktawa.pikpodlaskie.pl\/edycje\/2025\/wp-json\/wp\/v2\/comments?post=38"}],"version-history":[{"count":12,"href":"https:\/\/oktawa.pikpodlaskie.pl\/edycje\/2025\/wp-json\/wp\/v2\/pages\/38\/revisions"}],"predecessor-version":[{"id":584,"href":"https:\/\/oktawa.pikpodlaskie.pl\/edycje\/2025\/wp-json\/wp\/v2\/pages\/38\/revisions\/584"}],"wp:featuredmedia":[{"embeddable":true,"href":"https:\/\/oktawa.pikpodlaskie.pl\/edycje\/2025\/wp-json\/wp\/v2\/media\/33"}],"wp:attachment":[{"href":"https:\/\/oktawa.pikpodlaskie.pl\/edycje\/2025\/wp-json\/wp\/v2\/media?parent=38"}],"curies":[{"name":"wp","href":"https:\/\/api.w.org\/{rel}","templated":true}]}}